{"id":47,"date":"2023-05-15T15:59:19","date_gmt":"2023-05-15T20:59:19","guid":{"rendered":"https:\/\/blog2.cliandina.com\/?page_id=47"},"modified":"2024-03-07T14:24:33","modified_gmt":"2024-03-07T19:24:33","slug":"postular","status":"publish","type":"page","link":"https:\/\/blog2.cliandina.com\/?page_id=47","title":{"rendered":"Postular"},"content":{"rendered":"\t\t<div data-elementor-type=\"wp-page\" data-elementor-id=\"47\" class=\"elementor elementor-47\">\n\t\t\t\t\t\t\t\t\t<section class=\"elementor-section elementor-top-section elementor-element elementor-element-5007de0 elementor-section-boxed elementor-section-height-default elementor-section-height-default\" data-id=\"5007de0\" data-element_type=\"section\">\n\t\t\t\t\t\t<div class=\"elementor-container elementor-column-gap-default\">\n\t\t\t\t\t<div class=\"elementor-column elementor-col-100 elementor-top-column elementor-element elementor-element-4a258f6\" data-id=\"4a258f6\" data-element_type=\"column\">\n\t\t\t<div class=\"elementor-widget-wrap elementor-element-populated\">\n\t\t\t\t\t\t\t\t<div class=\"elementor-element elementor-element-732183d elementor-widget elementor-widget-heading\" data-id=\"732183d\" data-element_type=\"widget\" data-widget_type=\"heading.default\">\n\t\t\t\t<div class=\"elementor-widget-container\">\n\t\t\t<style>\/*! elementor - v3.15.0 - 02-08-2023 *\/\n.elementor-heading-title{padding:0;margin:0;line-height:1}.elementor-widget-heading .elementor-heading-title[class*=elementor-size-]>a{color:inherit;font-size:inherit;line-height:inherit}.elementor-widget-heading .elementor-heading-title.elementor-size-small{font-size:15px}.elementor-widget-heading .elementor-heading-title.elementor-size-medium{font-size:19px}.elementor-widget-heading .elementor-heading-title.elementor-size-large{font-size:29px}.elementor-widget-heading .elementor-heading-title.elementor-size-xl{font-size:39px}.elementor-widget-heading .elementor-heading-title.elementor-size-xxl{font-size:59px}<\/style><h5 class=\"elementor-heading-title elementor-size-default\">TRABAJA CON NOSOTROS<\/h5>\t\t<\/div>\n\t\t\t\t<\/div>\n\t\t\t\t\t<\/div>\n\t\t<\/div>\n\t\t\t\t\t\t\t<\/div>\n\t\t<\/section>\n\t\t\t\t<section class=\"elementor-section elementor-top-section elementor-element elementor-element-dd9020d elementor-section-boxed elementor-section-height-default elementor-section-height-default\" data-id=\"dd9020d\" data-element_type=\"section\">\n\t\t\t\t\t\t<div class=\"elementor-container elementor-column-gap-default\">\n\t\t\t\t\t<div class=\"elementor-column elementor-col-100 elementor-top-column elementor-element elementor-element-fbca16c\" data-id=\"fbca16c\" data-element_type=\"column\">\n\t\t\t<div class=\"elementor-widget-wrap elementor-element-populated\">\n\t\t\t\t\t\t\t\t<div class=\"elementor-element elementor-element-ad8ddbb elementor-widget elementor-widget-text-editor\" data-id=\"ad8ddbb\" data-element_type=\"widget\" data-widget_type=\"text-editor.default\">\n\t\t\t\t<div class=\"elementor-widget-container\">\n\t\t\t<style>\/*! elementor - v3.15.0 - 02-08-2023 *\/\n.elementor-widget-text-editor.elementor-drop-cap-view-stacked .elementor-drop-cap{background-color:#69727d;color:#fff}.elementor-widget-text-editor.elementor-drop-cap-view-framed .elementor-drop-cap{color:#69727d;border:3px solid;background-color:transparent}.elementor-widget-text-editor:not(.elementor-drop-cap-view-default) .elementor-drop-cap{margin-top:8px}.elementor-widget-text-editor:not(.elementor-drop-cap-view-default) .elementor-drop-cap-letter{width:1em;height:1em}.elementor-widget-text-editor .elementor-drop-cap{float:left;text-align:center;line-height:1;font-size:50px}.elementor-widget-text-editor .elementor-drop-cap-letter{display:inline-block}<\/style>\t\t\t\t<p>\u00a1\u00danete a nuestro equipo en <strong>GRUPO CLI<\/strong>\u00a1<\/p>\t\t\t\t\t\t<\/div>\n\t\t\t\t<\/div>\n\t\t\t\t\t<\/div>\n\t\t<\/div>\n\t\t\t\t\t\t\t<\/div>\n\t\t<\/section>\n\t\t\t\t<section class=\"elementor-section elementor-top-section elementor-element elementor-element-e96be9b elementor-section-boxed elementor-section-height-default elementor-section-height-default\" data-id=\"e96be9b\" data-element_type=\"section\">\n\t\t\t\t\t\t<div class=\"elementor-container elementor-column-gap-default\">\n\t\t\t\t\t<div class=\"elementor-column elementor-col-100 elementor-top-column elementor-element elementor-element-11d4219\" data-id=\"11d4219\" data-element_type=\"column\">\n\t\t\t<div class=\"elementor-widget-wrap elementor-element-populated\">\n\t\t\t\t\t\t\t\t<div class=\"elementor-element elementor-element-940076f elementor-widget elementor-widget-text-editor\" data-id=\"940076f\" data-element_type=\"widget\" data-widget_type=\"text-editor.default\">\n\t\t\t\t<div class=\"elementor-widget-container\">\n\t\t\t\t\t\t\t<p>En CLI, estamos en busca de profesionales apasionados y comprometidos en el campo de las aduanas. Si eres una persona motivada, con experiencia en el \u00e1rea aduanera y est\u00e1s buscando nuevas oportunidades para desarrollarte profesionalmente, \u00a1te invitamos a formar parte de nuestro equipo!<\/p><p>Somos una empresa l\u00edder en el sector de las aduanas, y nuestro enfoque se centra en brindar servicios de calidad a nuestros clientes. Valoramos la integridad, el trabajo en equipo y la excelencia en todo lo que hacemos. Ofrecemos un entorno de trabajo din\u00e1mico y desafiante, donde tendr\u00e1s la oportunidad de crecer profesionalmente y contribuir al \u00e9xito de nuestra empresa.<\/p><p>En CLI, reconocemos y recompensamos el talento y el esfuerzo. Ofrecemos beneficios competitivos, oportunidades de capacitaci\u00f3n y desarrollo, as\u00ed como un ambiente de trabajo que fomenta la creatividad, la colaboraci\u00f3n y el crecimiento personal.<\/p><p>Si est\u00e1s listo para formar parte de una empresa innovadora y en constante crecimiento, y deseas trabajar en un campo emocionante como el de las aduanas, te invitamos a postular a nuestras vacantes disponibles. \u00a1Esperamos recibir tu solicitud y conocerte pronto!<\/p><p>No pierdas la oportunidad de unirte a un equipo de profesionales apasionados y dedicados en CLI. \u00a1Postula ahora y comienza una nueva etapa en tu carrera profesional!<\/p><p>\u00a1Esperamos con entusiasmo recibir tu solicitud y dar el primer paso hacia un futuro exitoso juntos!<\/p>\t\t\t\t\t\t<\/div>\n\t\t\t\t<\/div>\n\t\t\t\t\t<\/div>\n\t\t<\/div>\n\t\t\t\t\t\t\t<\/div>\n\t\t<\/section>\n\t\t\t\t<section class=\"elementor-section elementor-top-section elementor-element elementor-element-8eceb38 elementor-section-boxed elementor-section-height-default elementor-section-height-default\" data-id=\"8eceb38\" data-element_type=\"section\">\n\t\t\t\t\t\t<div class=\"elementor-container elementor-column-gap-default\">\n\t\t\t\t\t<div class=\"elementor-column elementor-col-100 elementor-top-column elementor-element elementor-element-d758fd9\" data-id=\"d758fd9\" data-element_type=\"column\">\n\t\t\t<div class=\"elementor-widget-wrap elementor-element-populated\">\n\t\t\t\t\t\t\t\t<div class=\"elementor-element elementor-element-895408f elementor-widget elementor-widget-spacer\" data-id=\"895408f\" data-element_type=\"widget\" data-widget_type=\"spacer.default\">\n\t\t\t\t<div class=\"elementor-widget-container\">\n\t\t\t<style>\/*! elementor - v3.15.0 - 02-08-2023 *\/\n.elementor-column .elementor-spacer-inner{height:var(--spacer-size)}.e-con{--container-widget-width:100%}.e-con-inner>.elementor-widget-spacer,.e-con>.elementor-widget-spacer{width:var(--container-widget-width,var(--spacer-size));--align-self:var(--container-widget-align-self,initial);--flex-shrink:0}.e-con-inner>.elementor-widget-spacer>.elementor-widget-container,.e-con-inner>.elementor-widget-spacer>.elementor-widget-container>.elementor-spacer,.e-con>.elementor-widget-spacer>.elementor-widget-container,.e-con>.elementor-widget-spacer>.elementor-widget-container>.elementor-spacer{height:100%}.e-con-inner>.elementor-widget-spacer>.elementor-widget-container>.elementor-spacer>.elementor-spacer-inner,.e-con>.elementor-widget-spacer>.elementor-widget-container>.elementor-spacer>.elementor-spacer-inner{height:var(--container-widget-height,var(--spacer-size))}<\/style>\t\t<div class=\"elementor-spacer\">\n\t\t\t<div class=\"elementor-spacer-inner\"><\/div>\n\t\t<\/div>\n\t\t\t\t<\/div>\n\t\t\t\t<\/div>\n\t\t\t\t\t<\/div>\n\t\t<\/div>\n\t\t\t\t\t\t\t<\/div>\n\t\t<\/section>\n\t\t\t\t<section class=\"elementor-section elementor-top-section elementor-element elementor-element-a2a882e elementor-section-boxed elementor-section-height-default elementor-section-height-default\" data-id=\"a2a882e\" data-element_type=\"section\">\n\t\t\t\t\t\t<div class=\"elementor-container elementor-column-gap-default\">\n\t\t\t\t\t<div class=\"elementor-column elementor-col-50 elementor-top-column elementor-element elementor-element-eb77d67\" data-id=\"eb77d67\" data-element_type=\"column\">\n\t\t\t<div class=\"elementor-widget-wrap elementor-element-populated\">\n\t\t\t\t\t\t\t\t<div class=\"elementor-element elementor-element-b771ac6 elementor-widget elementor-widget-shortcode\" data-id=\"b771ac6\" data-element_type=\"widget\" data-widget_type=\"shortcode.default\">\n\t\t\t\t<div class=\"elementor-widget-container\">\n\t\t\t\t\t<div class=\"elementor-shortcode\"><div class=\"forminator-ui forminator-custom-form forminator-custom-form-364 forminator-design--material  forminator_ajax\" data-forminator-render=\"0\" data-form=\"forminator-module-364\" data-uid=\"69fb20172dd8a\"><br\/><\/div><form\n\t\t\t\tid=\"forminator-module-364\"\n\t\t\t\tclass=\"forminator-ui forminator-custom-form forminator-custom-form-364 forminator-design--material  forminator_ajax\"\n\t\t\t\tmethod=\"post\"\n\t\t\t\tdata-forminator-render=\"0\"\n\t\t\t\tdata-form-id=\"364\"\n\t\t\t\t\n\t\t\t\tdata-design=\"material\"\n\t\t\t\t\n\t\t\t\t\n\t\t\t\t\n\t\t\t\tdata-grid=\"open\"\n\t\t\t\tenctype=\"multipart\/form-data\"\n\t\t\t\t\n\t\t\t\tstyle=\"display: none;\"\n\t\t\t\t\n\t\t\t\tdata-uid=\"69fb20172dd8a\"\n\t\t\t><div role=\"alert\" aria-live=\"polite\" class=\"forminator-response-message forminator-error\" aria-hidden=\"true\"><\/div><div class=\"forminator-row\"><div id=\"name-1\" class=\"forminator-col forminator-col-12 \"><div class=\"forminator-field\"><label for=\"forminator-field-name-1_69fb20172dd8a\" class=\"forminator-label\" id=\"forminator-field-name-1_69fb20172dd8a-label\">Nombre y Apellidos <span class=\"forminator-required\">*<\/span><\/label><input type=\"text\" name=\"name-1\" value=\"\" placeholder=\"Nombre y Apellidos\" id=\"forminator-field-name-1_69fb20172dd8a\" class=\"forminator-input forminator-name--field\" aria-required=\"true\" aria-describedby=\"forminator-field-name-1_69fb20172dd8a-description\" \/><span id=\"forminator-field-name-1_69fb20172dd8a-description\" class=\"forminator-description\">Ingresa tu Nombre<\/span><\/div><\/div><\/div><div class=\"forminator-row\"><div id=\"email-1\" class=\"forminator-col forminator-col-12 \"><div class=\"forminator-field\"><label for=\"forminator-field-email-1_69fb20172dd8a\" class=\"forminator-label\" id=\"forminator-field-email-1_69fb20172dd8a-label\">Email <span class=\"forminator-required\">*<\/span><\/label><input type=\"email\" name=\"email-1\" value=\"\" placeholder=\"example@gmail.com\" id=\"forminator-field-email-1_69fb20172dd8a\" class=\"forminator-input forminator-email--field\" data-required=\"1\" aria-required=\"true\" aria-describedby=\"forminator-field-email-1_69fb20172dd8a-description\" \/><span id=\"forminator-field-email-1_69fb20172dd8a-description\" class=\"forminator-description\">Ingresar e-mail<\/span><\/div><\/div><\/div><div class=\"forminator-row\"><div id=\"number-1\" class=\"forminator-col forminator-col-6 \"><div class=\"forminator-field\"><label for=\"forminator-field-number-1_69fb20172dd8a\" class=\"forminator-label\" id=\"forminator-field-number-1_69fb20172dd8a-label\">DNI<\/label><input name=\"number-1\" value=\"Ingrese DNI\" placeholder=\"DNI\" id=\"forminator-field-number-1_69fb20172dd8a\" class=\"forminator-input forminator-number--field\" inputmode=\"decimal\" data-required=\"\" data-decimals=\"0\" aria-required=\"false\" data-inputmask=\"&#039;groupSeparator&#039;: &#039;&#039;, &#039;radixPoint&#039;: &#039;&#039;, &#039;digits&#039;: &#039;0&#039;\" data-hidden-behavior=\"zero\" type=\"number\" step=\"any\" min=\"8\" max=\"9\" \/><\/div><\/div><div id=\"phone-1\" class=\"forminator-col forminator-col-6 \"><div class=\"forminator-field\"><label for=\"forminator-field-phone-1_69fb20172dd8a\" class=\"forminator-label\" id=\"forminator-field-phone-1_69fb20172dd8a-label\">Tel\u00e9fono <span class=\"forminator-required\">*<\/span><\/label><input type=\"text\" name=\"phone-1\" value=\"\" placeholder=\"E.g. +1 300 400 5000\" id=\"forminator-field-phone-1_69fb20172dd8a\" class=\"forminator-input forminator-field--phone\" data-required=\"1\" aria-required=\"true\" autocomplete=\"off\" aria-describedby=\"forminator-field-phone-1_69fb20172dd8a-description\" \/><span id=\"forminator-field-phone-1_69fb20172dd8a-description\" class=\"forminator-description\" id=\"forminator-field-phone-1_69fb20172dd8a-description\">Ingrese numero de Telf \/ Cel<\/span><\/div><\/div><\/div><div class=\"forminator-row\"><div id=\"text-1\" class=\"forminator-col forminator-col-6 \"><div class=\"forminator-field\"><label for=\"forminator-field-text-1_69fb20172dd8a\" class=\"forminator-label\" id=\"forminator-field-text-1_69fb20172dd8a-label\">Puesto <span class=\"forminator-required\">*<\/span><\/label><input type=\"text\" name=\"text-1\" value=\"\" placeholder=\"Puesto a Postular\" id=\"forminator-field-text-1_69fb20172dd8a\" class=\"forminator-input forminator-name--field\" data-required=\"1\" \/><\/div><\/div><div id=\"upload-1\" class=\"forminator-col forminator-col-6 \"><div class=\"forminator-field\"><label for=\"forminator-field-upload-1_69fb20172dd8a\" class=\"forminator-label\">Subir CV <span class=\"forminator-required\">*<\/span><\/label><div class=\"forminator-file-upload \" data-element=\"upload-1_69fb20172dd8a\" aria-describedby=\"forminator-field-upload-1_69fb20172dd8a-description\"><input type=\"file\" name=\"upload-1\" id=\"forminator-field-upload-1_69fb20172dd8a\" class=\"forminator-input-file-required do-validate\" accept=\".webp,.css,.htm,.html,.js,.pdf,.doc,.pot,.pps,.ppt,.wri,.mdb,.mpp,.docx,.docm,.dotx,.dotm,.onetoc,.onetoc2,.onetmp,.onepkg,.oxps,.xps,.odt,.odp,.odg,.odc,.odb,.odf,.wp,.wpd,.pages,.svg\"><button id=\"forminator-field-upload-1_69fb20172dd8a_button\" class=\"forminator-button forminator-button-upload\" data-id=\"forminator-field-upload-1_69fb20172dd8a\"><span>Choose File<\/span><span aria-hidden=\"true\"><\/span><\/button><span data-empty-text=\"No file chosen\">No file chosen<\/span><button class=\"forminator-button-delete\" style=\"display: none;\"><i class=\"forminator-icon-close\" aria-hidden=\"true\"><\/i><span class=\"forminator-screen-reader-only\">Delete uploaded file<\/span><\/button><\/div><span id=\"forminator-field-upload-1_69fb20172dd8a-description\" class=\"forminator-description\">Ingrese su CV actualizado<\/span><\/div><\/div><\/div><input type=\"hidden\" name=\"referer_url\" value=\"\" \/><div class=\"forminator-row forminator-row-last\"><div class=\"forminator-col\"><div class=\"forminator-field\"><button class=\"forminator-button forminator-button-submit\"><span>Send Message<\/span><span aria-hidden=\"true\"><\/span><\/button><\/div><\/div><\/div><input type=\"hidden\" id=\"forminator_nonce\" name=\"forminator_nonce\" value=\"da38513349\" \/><input type=\"hidden\" name=\"_wp_http_referer\" value=\"\/index.php?rest_route=%2Fwp%2Fv2%2Fpages%2F47\" \/><input type=\"hidden\" name=\"form_id\" value=\"364\"><input type=\"hidden\" name=\"page_id\" value=\"47\"><input type=\"hidden\" name=\"form_type\" value=\"default\"><input type=\"hidden\" name=\"current_url\" value=\"https:\/\/blog2.cliandina.com\/?page_id=47\"><input type=\"hidden\" name=\"render_id\" value=\"0\"><input type=\"hidden\" name=\"action\" value=\"forminator_submit_form_custom-forms\"><\/form><\/div>\n\t\t\t\t<\/div>\n\t\t\t\t<\/div>\n\t\t\t\t\t<\/div>\n\t\t<\/div>\n\t\t\t\t<div class=\"elementor-column elementor-col-50 elementor-top-column elementor-element elementor-element-518be7a\" data-id=\"518be7a\" data-element_type=\"column\">\n\t\t\t<div class=\"elementor-widget-wrap elementor-element-populated\">\n\t\t\t\t\t\t\t\t<div class=\"elementor-element elementor-element-df31053 elementor-widget elementor-widget-image\" data-id=\"df31053\" data-element_type=\"widget\" data-widget_type=\"image.default\">\n\t\t\t\t<div class=\"elementor-widget-container\">\n\t\t\t<style>\/*! elementor - v3.15.0 - 02-08-2023 *\/\n.elementor-widget-image{text-align:center}.elementor-widget-image a{display:inline-block}.elementor-widget-image a img[src$=\".svg\"]{width:48px}.elementor-widget-image img{vertical-align:middle;display:inline-block}<\/style>\t\t\t\t\t\t\t\t\t\t\t\t<img loading=\"lazy\" decoding=\"async\" width=\"463\" height=\"1024\" src=\"https:\/\/blog2.cliandina.com\/wp-content\/uploads\/2023\/06\/josee.gif\" class=\"attachment-large size-large wp-image-370\" alt=\"\" \/>\t\t\t\t\t\t\t\t\t\t\t\t\t\t\t<\/div>\n\t\t\t\t<\/div>\n\t\t\t\t\t<\/div>\n\t\t<\/div>\n\t\t\t\t\t\t\t<\/div>\n\t\t<\/section>\n\t\t\t\t\t\t\t<\/div>\n\t\t","protected":false},"excerpt":{"rendered":"<p>TRABAJA CON NOSOTROS \u00a1\u00danete a nuestro equipo en GRUPO CLI\u00a1 En CLI, estamos en busca de profesionales apasionados y comprometidos en el campo de las aduanas. Si eres una persona motivada, con experiencia en el \u00e1rea aduanera y est\u00e1s buscando nuevas oportunidades para desarrollarte profesionalmente, \u00a1te invitamos a formar parte de nuestro equipo! Somos una empresa l\u00edder en el sector de las aduanas, y nuestro enfoque se centra en brindar servicios de calidad a nuestros clientes. Valoramos la integridad, el trabajo en equipo y la excelencia en todo lo que hacemos. Ofrecemos un entorno de trabajo din\u00e1mico y desafiante, donde\u2026<\/p>\n","protected":false},"author":156,"featured_media":0,"parent":0,"menu_order":0,"comment_status":"closed","ping_status":"closed","template":"","meta":{"_mc_calendar":[],"_joinchat":[],"footnotes":""},"class_list":["post-47","page","type-page","status-publish","hentry"],"blocksy_meta":"","_links":{"self":[{"href":"https:\/\/blog2.cliandina.com\/index.php?rest_route=\/wp\/v2\/pages\/47","targetHints":{"allow":["GET"]}}],"collection":[{"href":"https:\/\/blog2.cliandina.com\/index.php?rest_route=\/wp\/v2\/pages"}],"about":[{"href":"https:\/\/blog2.cliandina.com\/index.php?rest_route=\/wp\/v2\/types\/page"}],"author":[{"embeddable":true,"href":"https:\/\/blog2.cliandina.com\/index.php?rest_route=\/wp\/v2\/users\/156"}],"replies":[{"embeddable":true,"href":"https:\/\/blog2.cliandina.com\/index.php?rest_route=%2Fwp%2Fv2%2Fcomments&post=47"}],"version-history":[{"count":19,"href":"https:\/\/blog2.cliandina.com\/index.php?rest_route=\/wp\/v2\/pages\/47\/revisions"}],"predecessor-version":[{"id":3332,"href":"https:\/\/blog2.cliandina.com\/index.php?rest_route=\/wp\/v2\/pages\/47\/revisions\/3332"}],"wp:attachment":[{"href":"https:\/\/blog2.cliandina.com\/index.php?rest_route=%2Fwp%2Fv2%2Fmedia&parent=47"}],"curies":[{"name":"wp","href":"https:\/\/api.w.org\/{rel}","templated":true}]}}